{"id":3627,"date":"2023-08-21T13:36:17","date_gmt":"2023-08-21T12:36:17","guid":{"rendered":"https:\/\/t-agency.fr\/carriere\/"},"modified":"2024-02-26T10:34:35","modified_gmt":"2024-02-26T10:34:35","slug":"carriere","status":"publish","type":"page","link":"https:\/\/t-agency.fr\/fr\/carriere\/","title":{"rendered":"Carri\u00e8re"},"content":{"rendered":"\t\t<div data-elementor-type=\"wp-page\" data-elementor-id=\"3627\" class=\"elementor elementor-3627 elementor-2268\" data-elementor-post-type=\"page\">\n\t\t\t\t\t\t<section class=\"elementor-section elementor-top-section elementor-element elementor-element-c6fc88a elementor-section-stretched elementor-section-full_width elementor-section-height-default elementor-section-height-default\" data-id=\"c6fc88a\" data-element_type=\"section\" data-e-type=\"section\" data-settings=\"{&quot;stretch_section&quot;:&quot;section-stretched&quot;}\">\n\t\t\t\t\t\t<div class=\"elementor-container elementor-column-gap-no\">\n\t\t\t\t\t<div class=\"elementor-column elementor-col-100 elementor-top-column elementor-element elementor-element-867aab2\" data-id=\"867aab2\" data-element_type=\"column\" data-e-type=\"column\">\n\t\t\t<div class=\"elementor-widget-wrap elementor-element-populated\">\n\t\t\t\t\t\t<div class=\"elementor-element elementor-element-ef3b915 elementor-widget elementor-widget-image\" data-id=\"ef3b915\" data-element_type=\"widget\" data-e-type=\"widget\" data-widget_type=\"image.default\">\n\t\t\t\t<div class=\"elementor-widget-container\">\n\t\t\t\t\t\t\t\t\t\t\t\t\t\t\t<img fetchpriority=\"high\" decoding=\"async\" width=\"2560\" height=\"1707\" src=\"https:\/\/t-agency.fr\/wp-content\/uploads\/2023\/06\/Emerald-3-scaled.jpg\" class=\"attachment-full size-full wp-image-3455\" alt=\"\" srcset=\"https:\/\/t-agency.fr\/wp-content\/uploads\/2023\/06\/Emerald-3-scaled.jpg 2560w, https:\/\/t-agency.fr\/wp-content\/uploads\/2023\/06\/Emerald-3-300x200.jpg 300w, https:\/\/t-agency.fr\/wp-content\/uploads\/2023\/06\/Emerald-3-1024x683.jpg 1024w, https:\/\/t-agency.fr\/wp-content\/uploads\/2023\/06\/Emerald-3-768x512.jpg 768w, https:\/\/t-agency.fr\/wp-content\/uploads\/2023\/06\/Emerald-3-1536x1024.jpg 1536w, https:\/\/t-agency.fr\/wp-content\/uploads\/2023\/06\/Emerald-3-2048x1365.jpg 2048w, https:\/\/t-agency.fr\/wp-content\/uploads\/2023\/06\/Emerald-3-1200x800.jpg 1200w, https:\/\/t-agency.fr\/wp-content\/uploads\/2023\/06\/Emerald-3-1980x1320.jpg 1980w\" sizes=\"(max-width: 2560px) 100vw, 2560px\" \/>\t\t\t\t\t\t\t\t\t\t\t\t\t\t\t<\/div>\n\t\t\t\t<\/div>\n\t\t\t\t\t<\/div>\n\t\t<\/div>\n\t\t\t\t\t<\/div>\n\t\t<\/section>\n\t\t\t\t<section class=\"elementor-section elementor-top-section elementor-element elementor-element-75628f4 elementor-section-boxed elementor-section-height-default elementor-section-height-default\" data-id=\"75628f4\" data-element_type=\"section\" data-e-type=\"section\">\n\t\t\t\t\t\t<div class=\"elementor-container elementor-column-gap-default\">\n\t\t\t\t\t<div class=\"elementor-column elementor-col-100 elementor-top-column elementor-element elementor-element-ef14870\" data-id=\"ef14870\" data-element_type=\"column\" data-e-type=\"column\">\n\t\t\t<div class=\"elementor-widget-wrap elementor-element-populated\">\n\t\t\t\t\t\t<div class=\"elementor-element elementor-element-c0d98e4 elementor-widget elementor-widget-heading\" data-id=\"c0d98e4\" data-element_type=\"widget\" data-e-type=\"widget\" data-widget_type=\"heading.default\">\n\t\t\t\t<div class=\"elementor-widget-container\">\n\t\t\t\t\t<h1 class=\"elementor-heading-title elementor-size-default\">Emplois dans le domaine du marketing num\u00e9rique<\/h1>\t\t\t\t<\/div>\n\t\t\t\t<\/div>\n\t\t\t\t<div class=\"elementor-element elementor-element-a066fed elementor-widget-divider--view-line elementor-widget elementor-widget-divider\" data-id=\"a066fed\" data-element_type=\"widget\" data-e-type=\"widget\" data-widget_type=\"divider.default\">\n\t\t\t\t<div class=\"elementor-widget-container\">\n\t\t\t\t\t\t\t<div class=\"elementor-divider\">\n\t\t\t<span class=\"elementor-divider-separator\">\n\t\t\t\t\t\t<\/span>\n\t\t<\/div>\n\t\t\t\t\t\t<\/div>\n\t\t\t\t<\/div>\n\t\t\t\t<div class=\"elementor-element elementor-element-5ad0f1f elementor-widget elementor-widget-text-editor\" data-id=\"5ad0f1f\" data-element_type=\"widget\" data-e-type=\"widget\" data-widget_type=\"text-editor.default\">\n\t\t\t\t<div class=\"elementor-widget-container\">\n\t\t\t\t\t\t\t\t\t<p>L&rsquo;agence est une agence de marketing num\u00e9rique dynamique et innovante bas\u00e9e dans le sud de la France. Nous sommes fiers de cr\u00e9er des liens significatifs pour nos clients gr\u00e2ce \u00e0 des solutions strat\u00e9giques de marketing num\u00e9rique et \u00e0 des visuels \u00e9tonnants. Notre \u00e9quipe de consultants est anim\u00e9e par la passion, la cr\u00e9ativit\u00e9 et la recherche permanente de l&rsquo;excellence.<\/p>\n\t\t\t\t\t\t\t\t<\/div>\n\t\t\t\t<\/div>\n\t\t\t\t<div class=\"elementor-element elementor-element-ed9fc14 elementor-posts--align-center elementor-grid-3 elementor-grid-tablet-2 elementor-grid-mobile-1 elementor-posts--thumbnail-top elementor-posts__hover-gradient elementor-widget elementor-widget-posts\" data-id=\"ed9fc14\" data-element_type=\"widget\" data-e-type=\"widget\" data-settings=\"{&quot;cards_columns&quot;:&quot;3&quot;,&quot;cards_columns_tablet&quot;:&quot;2&quot;,&quot;cards_columns_mobile&quot;:&quot;1&quot;,&quot;cards_row_gap&quot;:{&quot;unit&quot;:&quot;px&quot;,&quot;size&quot;:35,&quot;sizes&quot;:[]},&quot;cards_row_gap_tablet&quot;:{&quot;unit&quot;:&quot;px&quot;,&quot;size&quot;:&quot;&quot;,&quot;sizes&quot;:[]},&quot;cards_row_gap_mobile&quot;:{&quot;unit&quot;:&quot;px&quot;,&quot;size&quot;:&quot;&quot;,&quot;sizes&quot;:[]}}\" data-widget_type=\"posts.cards\">\n\t\t\t\t<div class=\"elementor-widget-container\">\n\t\t\t\t\t\t\t<div class=\"elementor-posts-container elementor-posts elementor-posts--skin-cards elementor-grid\" role=\"list\">\n\t\t\t\t<article class=\"elementor-post elementor-grid-item post-3843 career type-career status-publish has-post-thumbnail hentry\" role=\"listitem\">\n\t\t\t<div class=\"elementor-post__card\">\n\t\t\t\t<a class=\"elementor-post__thumbnail__link\" href=\"https:\/\/t-agency.fr\/fr\/blog\/career\/concepteur-graphique\/\" tabindex=\"-1\" ><div class=\"elementor-post__thumbnail\"><img decoding=\"async\" width=\"580\" height=\"385\" src=\"https:\/\/t-agency.fr\/wp-content\/uploads\/2023\/08\/Graphic-Designer-Job-in-Monaco-1024x680.jpg\" class=\"attachment-large size-large wp-image-3465\" alt=\"\" srcset=\"https:\/\/t-agency.fr\/wp-content\/uploads\/2023\/08\/Graphic-Designer-Job-in-Monaco-1024x680.jpg 1024w, https:\/\/t-agency.fr\/wp-content\/uploads\/2023\/08\/Graphic-Designer-Job-in-Monaco-300x199.jpg 300w, https:\/\/t-agency.fr\/wp-content\/uploads\/2023\/08\/Graphic-Designer-Job-in-Monaco-768x510.jpg 768w, https:\/\/t-agency.fr\/wp-content\/uploads\/2023\/08\/Graphic-Designer-Job-in-Monaco-1536x1020.jpg 1536w, https:\/\/t-agency.fr\/wp-content\/uploads\/2023\/08\/Graphic-Designer-Job-in-Monaco-1200x797.jpg 1200w, https:\/\/t-agency.fr\/wp-content\/uploads\/2023\/08\/Graphic-Designer-Job-in-Monaco-1980x1315.jpg 1980w, https:\/\/t-agency.fr\/wp-content\/uploads\/2023\/08\/Graphic-Designer-Job-in-Monaco.jpg 2000w\" sizes=\"(max-width: 580px) 100vw, 580px\" \/><\/div><\/a>\n\t\t\t\t<div class=\"elementor-post__text\">\n\t\t\t\t<h3 class=\"elementor-post__title\">\n\t\t\t<a href=\"https:\/\/t-agency.fr\/fr\/blog\/career\/concepteur-graphique\/\" >\n\t\t\t\tConcepteur graphique\t\t\t<\/a>\n\t\t<\/h3>\n\t\t\t\t<div class=\"elementor-post__excerpt\">\n\t\t\t\t\t<\/div>\n\t\t\t\t<\/div>\n\t\t\t\t\t<\/div>\n\t\t<\/article>\n\t\t\t\t<article class=\"elementor-post elementor-grid-item post-3846 career type-career status-publish has-post-thumbnail hentry\" role=\"listitem\">\n\t\t\t<div class=\"elementor-post__card\">\n\t\t\t\t<a class=\"elementor-post__thumbnail__link\" href=\"https:\/\/t-agency.fr\/fr\/blog\/career\/responsable-des-medias-sociaux\/\" tabindex=\"-1\" ><div class=\"elementor-post__thumbnail\"><img decoding=\"async\" width=\"580\" height=\"387\" src=\"https:\/\/t-agency.fr\/wp-content\/uploads\/2023\/11\/Social-Media-Manager-1024x683.jpg\" class=\"attachment-large size-large wp-image-3571\" alt=\"\" srcset=\"https:\/\/t-agency.fr\/wp-content\/uploads\/2023\/11\/Social-Media-Manager-1024x683.jpg 1024w, https:\/\/t-agency.fr\/wp-content\/uploads\/2023\/11\/Social-Media-Manager-300x200.jpg 300w, https:\/\/t-agency.fr\/wp-content\/uploads\/2023\/11\/Social-Media-Manager-768x512.jpg 768w, https:\/\/t-agency.fr\/wp-content\/uploads\/2023\/11\/Social-Media-Manager-1536x1025.jpg 1536w, https:\/\/t-agency.fr\/wp-content\/uploads\/2023\/11\/Social-Media-Manager-1200x800.jpg 1200w, https:\/\/t-agency.fr\/wp-content\/uploads\/2023\/11\/Social-Media-Manager-1980x1321.jpg 1980w, https:\/\/t-agency.fr\/wp-content\/uploads\/2023\/11\/Social-Media-Manager.jpg 2000w\" sizes=\"(max-width: 580px) 100vw, 580px\" \/><\/div><\/a>\n\t\t\t\t<div class=\"elementor-post__text\">\n\t\t\t\t<h3 class=\"elementor-post__title\">\n\t\t\t<a href=\"https:\/\/t-agency.fr\/fr\/blog\/career\/responsable-des-medias-sociaux\/\" >\n\t\t\t\tResponsable des m\u00e9dias sociaux\t\t\t<\/a>\n\t\t<\/h3>\n\t\t\t\t<div class=\"elementor-post__excerpt\">\n\t\t\t\t\t<\/div>\n\t\t\t\t<\/div>\n\t\t\t\t\t<\/div>\n\t\t<\/article>\n\t\t\t\t<article class=\"elementor-post elementor-grid-item post-3841 career type-career status-publish has-post-thumbnail hentry\" role=\"listitem\">\n\t\t\t<div class=\"elementor-post__card\">\n\t\t\t\t<a class=\"elementor-post__thumbnail__link\" href=\"https:\/\/t-agency.fr\/fr\/blog\/career\/developpeur-de-sites-web\/\" tabindex=\"-1\" ><div class=\"elementor-post__thumbnail\"><img loading=\"lazy\" decoding=\"async\" width=\"580\" height=\"386\" src=\"https:\/\/t-agency.fr\/wp-content\/uploads\/2023\/11\/Website-Developer-1024x682.jpg\" class=\"attachment-large size-large wp-image-3572\" alt=\"\" srcset=\"https:\/\/t-agency.fr\/wp-content\/uploads\/2023\/11\/Website-Developer-1024x682.jpg 1024w, https:\/\/t-agency.fr\/wp-content\/uploads\/2023\/11\/Website-Developer-300x200.jpg 300w, https:\/\/t-agency.fr\/wp-content\/uploads\/2023\/11\/Website-Developer-768x512.jpg 768w, https:\/\/t-agency.fr\/wp-content\/uploads\/2023\/11\/Website-Developer-1536x1024.jpg 1536w, https:\/\/t-agency.fr\/wp-content\/uploads\/2023\/11\/Website-Developer-1200x800.jpg 1200w, https:\/\/t-agency.fr\/wp-content\/uploads\/2023\/11\/Website-Developer-1980x1320.jpg 1980w, https:\/\/t-agency.fr\/wp-content\/uploads\/2023\/11\/Website-Developer.jpg 2000w\" sizes=\"(max-width: 580px) 100vw, 580px\" \/><\/div><\/a>\n\t\t\t\t<div class=\"elementor-post__text\">\n\t\t\t\t<h3 class=\"elementor-post__title\">\n\t\t\t<a href=\"https:\/\/t-agency.fr\/fr\/blog\/career\/developpeur-de-sites-web\/\" >\n\t\t\t\tD\u00e9veloppeur de sites web\t\t\t<\/a>\n\t\t<\/h3>\n\t\t\t\t<div class=\"elementor-post__excerpt\">\n\t\t\t\t\t<\/div>\n\t\t\t\t<\/div>\n\t\t\t\t\t<\/div>\n\t\t<\/article>\n\t\t\t\t<article class=\"elementor-post elementor-grid-item post-3839 career type-career status-publish has-post-thumbnail hentry\" role=\"listitem\">\n\t\t\t<div class=\"elementor-post__card\">\n\t\t\t\t<a class=\"elementor-post__thumbnail__link\" href=\"https:\/\/t-agency.fr\/fr\/blog\/career\/stagiaire-en-marketing-numerique\/\" tabindex=\"-1\" ><div class=\"elementor-post__thumbnail\"><img loading=\"lazy\" decoding=\"async\" width=\"580\" height=\"386\" src=\"https:\/\/t-agency.fr\/wp-content\/uploads\/2023\/11\/Digital-marketing-Internship-1024x682.jpg\" class=\"attachment-large size-large wp-image-3573\" alt=\"\" srcset=\"https:\/\/t-agency.fr\/wp-content\/uploads\/2023\/11\/Digital-marketing-Internship-1024x682.jpg 1024w, https:\/\/t-agency.fr\/wp-content\/uploads\/2023\/11\/Digital-marketing-Internship-300x200.jpg 300w, https:\/\/t-agency.fr\/wp-content\/uploads\/2023\/11\/Digital-marketing-Internship-768x512.jpg 768w, https:\/\/t-agency.fr\/wp-content\/uploads\/2023\/11\/Digital-marketing-Internship-1536x1024.jpg 1536w, https:\/\/t-agency.fr\/wp-content\/uploads\/2023\/11\/Digital-marketing-Internship-1200x800.jpg 1200w, https:\/\/t-agency.fr\/wp-content\/uploads\/2023\/11\/Digital-marketing-Internship-1980x1320.jpg 1980w, https:\/\/t-agency.fr\/wp-content\/uploads\/2023\/11\/Digital-marketing-Internship.jpg 2000w\" sizes=\"(max-width: 580px) 100vw, 580px\" \/><\/div><\/a>\n\t\t\t\t<div class=\"elementor-post__text\">\n\t\t\t\t<h3 class=\"elementor-post__title\">\n\t\t\t<a href=\"https:\/\/t-agency.fr\/fr\/blog\/career\/stagiaire-en-marketing-numerique\/\" >\n\t\t\t\tStagiaire en marketing num\u00e9rique\t\t\t<\/a>\n\t\t<\/h3>\n\t\t\t\t<div class=\"elementor-post__excerpt\">\n\t\t\t\t\t<\/div>\n\t\t\t\t<\/div>\n\t\t\t\t\t<\/div>\n\t\t<\/article>\n\t\t\t\t<\/div>\n\t\t\n\t\t\t\t\t\t<\/div>\n\t\t\t\t<\/div>\n\t\t\t\t<div class=\"elementor-element elementor-element-f22a947 elementor-widget elementor-widget-spacer\" data-id=\"f22a947\" data-element_type=\"widget\" data-e-type=\"widget\" data-widget_type=\"spacer.default\">\n\t\t\t\t<div class=\"elementor-widget-container\">\n\t\t\t\t\t\t\t<div class=\"elementor-spacer\">\n\t\t\t<div class=\"elementor-spacer-inner\"><\/div>\n\t\t<\/div>\n\t\t\t\t\t\t<\/div>\n\t\t\t\t<\/div>\n\t\t\t\t\t<\/div>\n\t\t<\/div>\n\t\t\t\t\t<\/div>\n\t\t<\/section>\n\t\t\t\t<\/div>\n\t\t","protected":false},"excerpt":{"rendered":"<p>Emplois dans le domaine du marketing num\u00e9rique L&rsquo;agence est une agence de marketing num\u00e9rique dynamique et innovante bas\u00e9e dans le sud de la France. Nous sommes fiers de cr\u00e9er des liens significatifs pour nos clients gr\u00e2ce \u00e0 des solutions strat\u00e9giques de marketing num\u00e9rique et \u00e0 des visuels \u00e9tonnants. Notre \u00e9quipe de consultants est anim\u00e9e par [&hellip;]<\/p>\n","protected":false},"author":2,"featured_media":3453,"parent":0,"menu_order":0,"comment_status":"closed","ping_status":"closed","template":"elementor_header_footer","meta":{"_acf_changed":false,"footnotes":""},"class_list":["post-3627","page","type-page","status-publish","has-post-thumbnail","hentry"],"acf":[],"yoast_head":"<!-- This site is optimized with the Yoast SEO plugin v27.5 - https:\/\/yoast.com\/product\/yoast-seo-wordpress\/ -->\n<title>Emplois en marketing num\u00e9rique \u00e0 Monaco -The Agency%%%.<\/title>\n<meta name=\"description\" content=\"L&#039;Agence recrute actuellement pour diff\u00e9rents postes en marketing digital \u00e0 Monaco et dans le Sud de la France.\" \/>\n<meta name=\"robots\" content=\"index, follow, max-snippet:-1, max-image-preview:large, max-video-preview:-1\" \/>\n<link rel=\"canonical\" href=\"https:\/\/t-agency.fr\/fr\/carriere\/\" \/>\n<meta property=\"og:locale\" content=\"fr_FR\" \/>\n<meta property=\"og:type\" content=\"article\" \/>\n<meta property=\"og:title\" content=\"Emplois en marketing num\u00e9rique \u00e0 Monaco -The Agency%%%.\" \/>\n<meta property=\"og:description\" content=\"L&#039;Agence recrute actuellement pour diff\u00e9rents postes en marketing digital \u00e0 Monaco et dans le Sud de la France.\" \/>\n<meta property=\"og:url\" content=\"https:\/\/t-agency.fr\/fr\/carriere\/\" \/>\n<meta property=\"og:site_name\" content=\"The Agency\" \/>\n<meta property=\"article:modified_time\" content=\"2024-02-26T10:34:35+00:00\" \/>\n<meta property=\"og:image\" content=\"https:\/\/t-agency.fr\/wp-content\/uploads\/2023\/06\/Emerald-1-scaled.jpg\" \/>\n\t<meta property=\"og:image:width\" content=\"2560\" \/>\n\t<meta property=\"og:image:height\" content=\"1706\" \/>\n\t<meta property=\"og:image:type\" content=\"image\/jpeg\" \/>\n<meta name=\"twitter:card\" content=\"summary_large_image\" \/>\n<script type=\"application\/ld+json\" class=\"yoast-schema-graph\">{\"@context\":\"https:\\\/\\\/schema.org\",\"@graph\":[{\"@type\":\"WebPage\",\"@id\":\"https:\\\/\\\/t-agency.fr\\\/fr\\\/carriere\\\/\",\"url\":\"https:\\\/\\\/t-agency.fr\\\/fr\\\/carriere\\\/\",\"name\":\"Emplois en marketing num\u00e9rique \u00e0 Monaco -The Agency%%%.\",\"isPartOf\":{\"@id\":\"https:\\\/\\\/t-agency.fr\\\/fr\\\/#website\"},\"primaryImageOfPage\":{\"@id\":\"https:\\\/\\\/t-agency.fr\\\/fr\\\/carriere\\\/#primaryimage\"},\"image\":{\"@id\":\"https:\\\/\\\/t-agency.fr\\\/fr\\\/carriere\\\/#primaryimage\"},\"thumbnailUrl\":\"https:\\\/\\\/t-agency.fr\\\/wp-content\\\/uploads\\\/2023\\\/06\\\/Emerald-1-scaled.jpg\",\"datePublished\":\"2023-08-21T12:36:17+00:00\",\"dateModified\":\"2024-02-26T10:34:35+00:00\",\"description\":\"L'Agence recrute actuellement pour diff\u00e9rents postes en marketing digital \u00e0 Monaco et dans le Sud de la France.\",\"breadcrumb\":{\"@id\":\"https:\\\/\\\/t-agency.fr\\\/fr\\\/carriere\\\/#breadcrumb\"},\"inLanguage\":\"fr-FR\",\"potentialAction\":[{\"@type\":\"ReadAction\",\"target\":[\"https:\\\/\\\/t-agency.fr\\\/fr\\\/carriere\\\/\"]}]},{\"@type\":\"ImageObject\",\"inLanguage\":\"fr-FR\",\"@id\":\"https:\\\/\\\/t-agency.fr\\\/fr\\\/carriere\\\/#primaryimage\",\"url\":\"https:\\\/\\\/t-agency.fr\\\/wp-content\\\/uploads\\\/2023\\\/06\\\/Emerald-1-scaled.jpg\",\"contentUrl\":\"https:\\\/\\\/t-agency.fr\\\/wp-content\\\/uploads\\\/2023\\\/06\\\/Emerald-1-scaled.jpg\",\"width\":2560,\"height\":1706},{\"@type\":\"BreadcrumbList\",\"@id\":\"https:\\\/\\\/t-agency.fr\\\/fr\\\/carriere\\\/#breadcrumb\",\"itemListElement\":[{\"@type\":\"ListItem\",\"position\":1,\"name\":\"Home\",\"item\":\"https:\\\/\\\/t-agency.fr\\\/fr\\\/lagence\\\/\"},{\"@type\":\"ListItem\",\"position\":2,\"name\":\"Carri\u00e8re\"}]},{\"@type\":\"WebSite\",\"@id\":\"https:\\\/\\\/t-agency.fr\\\/fr\\\/#website\",\"url\":\"https:\\\/\\\/t-agency.fr\\\/fr\\\/\",\"name\":\"The Agency\",\"description\":\"Yacht Marketing Agency\",\"publisher\":{\"@id\":\"https:\\\/\\\/t-agency.fr\\\/fr\\\/#organization\"},\"potentialAction\":[{\"@type\":\"SearchAction\",\"target\":{\"@type\":\"EntryPoint\",\"urlTemplate\":\"https:\\\/\\\/t-agency.fr\\\/fr\\\/?s={search_term_string}\"},\"query-input\":{\"@type\":\"PropertyValueSpecification\",\"valueRequired\":true,\"valueName\":\"search_term_string\"}}],\"inLanguage\":\"fr-FR\"},{\"@type\":\"Organization\",\"@id\":\"https:\\\/\\\/t-agency.fr\\\/fr\\\/#organization\",\"name\":\"The Agency\",\"url\":\"https:\\\/\\\/t-agency.fr\\\/fr\\\/\",\"logo\":{\"@type\":\"ImageObject\",\"inLanguage\":\"fr-FR\",\"@id\":\"https:\\\/\\\/t-agency.fr\\\/fr\\\/#\\\/schema\\\/logo\\\/image\\\/\",\"url\":\"https:\\\/\\\/t-agency.fr\\\/wp-content\\\/uploads\\\/2021\\\/07\\\/t_agency__full_logo.png\",\"contentUrl\":\"https:\\\/\\\/t-agency.fr\\\/wp-content\\\/uploads\\\/2021\\\/07\\\/t_agency__full_logo.png\",\"width\":2708,\"height\":1445,\"caption\":\"The Agency\"},\"image\":{\"@id\":\"https:\\\/\\\/t-agency.fr\\\/fr\\\/#\\\/schema\\\/logo\\\/image\\\/\"}}]}<\/script>\n<!-- \/ Yoast SEO plugin. -->","yoast_head_json":{"title":"Emplois en marketing num\u00e9rique \u00e0 Monaco -The Agency%%%.","description":"L'Agence recrute actuellement pour diff\u00e9rents postes en marketing digital \u00e0 Monaco et dans le Sud de la France.","robots":{"index":"index","follow":"follow","max-snippet":"max-snippet:-1","max-image-preview":"max-image-preview:large","max-video-preview":"max-video-preview:-1"},"canonical":"https:\/\/t-agency.fr\/fr\/carriere\/","og_locale":"fr_FR","og_type":"article","og_title":"Emplois en marketing num\u00e9rique \u00e0 Monaco -The Agency%%%.","og_description":"L'Agence recrute actuellement pour diff\u00e9rents postes en marketing digital \u00e0 Monaco et dans le Sud de la France.","og_url":"https:\/\/t-agency.fr\/fr\/carriere\/","og_site_name":"The Agency","article_modified_time":"2024-02-26T10:34:35+00:00","og_image":[{"width":2560,"height":1706,"url":"https:\/\/t-agency.fr\/wp-content\/uploads\/2023\/06\/Emerald-1-scaled.jpg","type":"image\/jpeg"}],"twitter_card":"summary_large_image","schema":{"@context":"https:\/\/schema.org","@graph":[{"@type":"WebPage","@id":"https:\/\/t-agency.fr\/fr\/carriere\/","url":"https:\/\/t-agency.fr\/fr\/carriere\/","name":"Emplois en marketing num\u00e9rique \u00e0 Monaco -The Agency%%%.","isPartOf":{"@id":"https:\/\/t-agency.fr\/fr\/#website"},"primaryImageOfPage":{"@id":"https:\/\/t-agency.fr\/fr\/carriere\/#primaryimage"},"image":{"@id":"https:\/\/t-agency.fr\/fr\/carriere\/#primaryimage"},"thumbnailUrl":"https:\/\/t-agency.fr\/wp-content\/uploads\/2023\/06\/Emerald-1-scaled.jpg","datePublished":"2023-08-21T12:36:17+00:00","dateModified":"2024-02-26T10:34:35+00:00","description":"L'Agence recrute actuellement pour diff\u00e9rents postes en marketing digital \u00e0 Monaco et dans le Sud de la France.","breadcrumb":{"@id":"https:\/\/t-agency.fr\/fr\/carriere\/#breadcrumb"},"inLanguage":"fr-FR","potentialAction":[{"@type":"ReadAction","target":["https:\/\/t-agency.fr\/fr\/carriere\/"]}]},{"@type":"ImageObject","inLanguage":"fr-FR","@id":"https:\/\/t-agency.fr\/fr\/carriere\/#primaryimage","url":"https:\/\/t-agency.fr\/wp-content\/uploads\/2023\/06\/Emerald-1-scaled.jpg","contentUrl":"https:\/\/t-agency.fr\/wp-content\/uploads\/2023\/06\/Emerald-1-scaled.jpg","width":2560,"height":1706},{"@type":"BreadcrumbList","@id":"https:\/\/t-agency.fr\/fr\/carriere\/#breadcrumb","itemListElement":[{"@type":"ListItem","position":1,"name":"Home","item":"https:\/\/t-agency.fr\/fr\/lagence\/"},{"@type":"ListItem","position":2,"name":"Carri\u00e8re"}]},{"@type":"WebSite","@id":"https:\/\/t-agency.fr\/fr\/#website","url":"https:\/\/t-agency.fr\/fr\/","name":"The Agency","description":"Yacht Marketing Agency","publisher":{"@id":"https:\/\/t-agency.fr\/fr\/#organization"},"potentialAction":[{"@type":"SearchAction","target":{"@type":"EntryPoint","urlTemplate":"https:\/\/t-agency.fr\/fr\/?s={search_term_string}"},"query-input":{"@type":"PropertyValueSpecification","valueRequired":true,"valueName":"search_term_string"}}],"inLanguage":"fr-FR"},{"@type":"Organization","@id":"https:\/\/t-agency.fr\/fr\/#organization","name":"The Agency","url":"https:\/\/t-agency.fr\/fr\/","logo":{"@type":"ImageObject","inLanguage":"fr-FR","@id":"https:\/\/t-agency.fr\/fr\/#\/schema\/logo\/image\/","url":"https:\/\/t-agency.fr\/wp-content\/uploads\/2021\/07\/t_agency__full_logo.png","contentUrl":"https:\/\/t-agency.fr\/wp-content\/uploads\/2021\/07\/t_agency__full_logo.png","width":2708,"height":1445,"caption":"The Agency"},"image":{"@id":"https:\/\/t-agency.fr\/fr\/#\/schema\/logo\/image\/"}}]}},"_links":{"self":[{"href":"https:\/\/t-agency.fr\/fr\/wp-json\/wp\/v2\/pages\/3627","targetHints":{"allow":["GET"]}}],"collection":[{"href":"https:\/\/t-agency.fr\/fr\/wp-json\/wp\/v2\/pages"}],"about":[{"href":"https:\/\/t-agency.fr\/fr\/wp-json\/wp\/v2\/types\/page"}],"author":[{"embeddable":true,"href":"https:\/\/t-agency.fr\/fr\/wp-json\/wp\/v2\/users\/2"}],"replies":[{"embeddable":true,"href":"https:\/\/t-agency.fr\/fr\/wp-json\/wp\/v2\/comments?post=3627"}],"version-history":[{"count":1,"href":"https:\/\/t-agency.fr\/fr\/wp-json\/wp\/v2\/pages\/3627\/revisions"}],"predecessor-version":[{"id":3633,"href":"https:\/\/t-agency.fr\/fr\/wp-json\/wp\/v2\/pages\/3627\/revisions\/3633"}],"wp:featuredmedia":[{"embeddable":true,"href":"https:\/\/t-agency.fr\/fr\/wp-json\/wp\/v2\/media\/3453"}],"wp:attachment":[{"href":"https:\/\/t-agency.fr\/fr\/wp-json\/wp\/v2\/media?parent=3627"}],"curies":[{"name":"wp","href":"https:\/\/api.w.org\/{rel}","templated":true}]}}