{"id":3596,"date":"2021-06-04T16:24:53","date_gmt":"2021-06-04T15:24:53","guid":{"rendered":"https:\/\/t-agency.fr\/evenements-de-luxe\/"},"modified":"2024-02-26T10:32:28","modified_gmt":"2024-02-26T10:32:28","slug":"evenements-de-luxe","status":"publish","type":"page","link":"https:\/\/t-agency.fr\/fr\/industries\/evenements-de-luxe\/","title":{"rendered":"\u00c9v\u00e9nements de luxe"},"content":{"rendered":"\t\t<div data-elementor-type=\"wp-page\" data-elementor-id=\"3596\" class=\"elementor elementor-3596\" data-elementor-post-type=\"page\">\n\t\t\t\t\t\t<section class=\"elementor-section elementor-top-section elementor-element elementor-element-c6fc88a elementor-section-stretched elementor-section-full_width elementor-section-height-default elementor-section-height-default\" data-id=\"c6fc88a\" data-element_type=\"section\" data-e-type=\"section\" data-settings=\"{&quot;stretch_section&quot;:&quot;section-stretched&quot;}\">\n\t\t\t\t\t\t<div class=\"elementor-container elementor-column-gap-no\">\n\t\t\t\t\t<div class=\"elementor-column elementor-col-100 elementor-top-column elementor-element elementor-element-867aab2\" data-id=\"867aab2\" data-element_type=\"column\" data-e-type=\"column\">\n\t\t\t<div class=\"elementor-widget-wrap elementor-element-populated\">\n\t\t\t\t\t\t<div class=\"elementor-element elementor-element-ef3b915 elementor-widget elementor-widget-image\" data-id=\"ef3b915\" data-element_type=\"widget\" data-e-type=\"widget\" data-widget_type=\"image.default\">\n\t\t\t\t<div class=\"elementor-widget-container\">\n\t\t\t\t\t\t\t\t\t\t\t\t\t\t\t<img fetchpriority=\"high\" decoding=\"async\" width=\"2560\" height=\"1127\" src=\"https:\/\/t-agency.fr\/wp-content\/uploads\/2021\/06\/Luxury-Events-2-Header-scaled.jpg\" class=\"attachment-full size-full wp-image-3037\" alt=\"\" srcset=\"https:\/\/t-agency.fr\/wp-content\/uploads\/2021\/06\/Luxury-Events-2-Header-scaled.jpg 2560w, https:\/\/t-agency.fr\/wp-content\/uploads\/2021\/06\/Luxury-Events-2-Header-300x132.jpg 300w, https:\/\/t-agency.fr\/wp-content\/uploads\/2021\/06\/Luxury-Events-2-Header-1024x451.jpg 1024w, https:\/\/t-agency.fr\/wp-content\/uploads\/2021\/06\/Luxury-Events-2-Header-768x338.jpg 768w, https:\/\/t-agency.fr\/wp-content\/uploads\/2021\/06\/Luxury-Events-2-Header-1536x676.jpg 1536w, https:\/\/t-agency.fr\/wp-content\/uploads\/2021\/06\/Luxury-Events-2-Header-2048x901.jpg 2048w, https:\/\/t-agency.fr\/wp-content\/uploads\/2021\/06\/Luxury-Events-2-Header-1200x528.jpg 1200w, https:\/\/t-agency.fr\/wp-content\/uploads\/2021\/06\/Luxury-Events-2-Header-1980x871.jpg 1980w\" sizes=\"(max-width: 2560px) 100vw, 2560px\" \/>\t\t\t\t\t\t\t\t\t\t\t\t\t\t\t<\/div>\n\t\t\t\t<\/div>\n\t\t\t\t\t<\/div>\n\t\t<\/div>\n\t\t\t\t\t<\/div>\n\t\t<\/section>\n\t\t\t\t<section class=\"elementor-section elementor-top-section elementor-element elementor-element-75628f4 elementor-section-boxed elementor-section-height-default elementor-section-height-default\" data-id=\"75628f4\" data-element_type=\"section\" data-e-type=\"section\">\n\t\t\t\t\t\t<div class=\"elementor-container elementor-column-gap-default\">\n\t\t\t\t\t<div class=\"elementor-column elementor-col-100 elementor-top-column elementor-element elementor-element-ef14870\" data-id=\"ef14870\" data-element_type=\"column\" data-e-type=\"column\">\n\t\t\t<div class=\"elementor-widget-wrap elementor-element-populated\">\n\t\t\t\t\t\t<div class=\"elementor-element elementor-element-c0d98e4 elementor-widget elementor-widget-heading\" data-id=\"c0d98e4\" data-element_type=\"widget\" data-e-type=\"widget\" data-widget_type=\"heading.default\">\n\t\t\t\t<div class=\"elementor-widget-container\">\n\t\t\t\t\t<h1 class=\"elementor-heading-title elementor-size-default\">Marketing des \u00e9v\u00e9nements de luxe<\/h1>\t\t\t\t<\/div>\n\t\t\t\t<\/div>\n\t\t\t\t<div class=\"elementor-element elementor-element-a066fed elementor-widget-divider--view-line elementor-widget elementor-widget-divider\" data-id=\"a066fed\" data-element_type=\"widget\" data-e-type=\"widget\" data-widget_type=\"divider.default\">\n\t\t\t\t<div class=\"elementor-widget-container\">\n\t\t\t\t\t\t\t<div class=\"elementor-divider\">\n\t\t\t<span class=\"elementor-divider-separator\">\n\t\t\t\t\t\t<\/span>\n\t\t<\/div>\n\t\t\t\t\t\t<\/div>\n\t\t\t\t<\/div>\n\t\t\t\t<div class=\"elementor-element elementor-element-5ad0f1f elementor-widget elementor-widget-text-editor\" data-id=\"5ad0f1f\" data-element_type=\"widget\" data-e-type=\"widget\" data-widget_type=\"text-editor.default\">\n\t\t\t\t<div class=\"elementor-widget-container\">\n\t\t\t\t\t\t\t\t\t<p>L&rsquo;agence explore de nouvelles solutions pour commercialiser des \u00e9v\u00e9nements de luxe sur la C\u00f4te d&rsquo;Azur et dans le Sud de la France. Des solutions de pointe pour les sites web, le marketing des moteurs de recherche ainsi que la gestion des m\u00e9dias sociaux. Nos experts explorent actuellement de nouvelles solutions pour le march\u00e9.  <\/p>\n\t\t\t\t\t\t\t\t<\/div>\n\t\t\t\t<\/div>\n\t\t\t\t\t<\/div>\n\t\t<\/div>\n\t\t\t\t\t<\/div>\n\t\t<\/section>\n\t\t\t\t<section class=\"elementor-section elementor-top-section elementor-element elementor-element-f084e3d elementor-section-boxed elementor-section-height-default elementor-section-height-default\" data-id=\"f084e3d\" data-element_type=\"section\" data-e-type=\"section\">\n\t\t\t\t\t\t<div class=\"elementor-container elementor-column-gap-default\">\n\t\t\t\t\t<div class=\"elementor-column elementor-col-100 elementor-top-column elementor-element elementor-element-4cb21b3\" data-id=\"4cb21b3\" data-element_type=\"column\" data-e-type=\"column\">\n\t\t\t<div class=\"elementor-widget-wrap elementor-element-populated\">\n\t\t\t\t\t\t<div class=\"elementor-element elementor-element-0c059be elementor-widget elementor-widget-heading\" data-id=\"0c059be\" data-element_type=\"widget\" data-e-type=\"widget\" data-widget_type=\"heading.default\">\n\t\t\t\t<div class=\"elementor-widget-container\">\n\t\t\t\t\t<h3 class=\"elementor-heading-title elementor-size-default\">Clients<\/h3>\t\t\t\t<\/div>\n\t\t\t\t<\/div>\n\t\t\t\t<div class=\"elementor-element elementor-element-26f37b3 elementor-widget-divider--view-line elementor-widget elementor-widget-divider\" data-id=\"26f37b3\" data-element_type=\"widget\" data-e-type=\"widget\" data-widget_type=\"divider.default\">\n\t\t\t\t<div class=\"elementor-widget-container\">\n\t\t\t\t\t\t\t<div class=\"elementor-divider\">\n\t\t\t<span class=\"elementor-divider-separator\">\n\t\t\t\t\t\t<\/span>\n\t\t<\/div>\n\t\t\t\t\t\t<\/div>\n\t\t\t\t<\/div>\n\t\t\t\t<div class=\"elementor-element elementor-element-05befb7 elementor-posts--align-center elementor-grid-3 elementor-grid-tablet-2 elementor-grid-mobile-1 elementor-posts--thumbnail-top elementor-posts__hover-gradient elementor-widget elementor-widget-posts\" data-id=\"05befb7\" data-element_type=\"widget\" data-e-type=\"widget\" data-settings=\"{&quot;cards_columns&quot;:&quot;3&quot;,&quot;cards_columns_tablet&quot;:&quot;2&quot;,&quot;cards_columns_mobile&quot;:&quot;1&quot;,&quot;cards_row_gap&quot;:{&quot;unit&quot;:&quot;px&quot;,&quot;size&quot;:35,&quot;sizes&quot;:[]},&quot;cards_row_gap_tablet&quot;:{&quot;unit&quot;:&quot;px&quot;,&quot;size&quot;:&quot;&quot;,&quot;sizes&quot;:[]},&quot;cards_row_gap_mobile&quot;:{&quot;unit&quot;:&quot;px&quot;,&quot;size&quot;:&quot;&quot;,&quot;sizes&quot;:[]}}\" data-widget_type=\"posts.cards\">\n\t\t\t\t<div class=\"elementor-widget-container\">\n\t\t\t\t\t\t\t<div class=\"elementor-posts-container elementor-posts elementor-posts--skin-cards elementor-grid\" role=\"list\">\n\t\t\t\t<article class=\"elementor-post elementor-grid-item post-3791 clients type-clients status-publish has-post-thumbnail hentry category-event category-social-media category-website-design industry-entertainment city-monaco\" role=\"listitem\">\n\t\t\t<div class=\"elementor-post__card\">\n\t\t\t\t<a class=\"elementor-post__thumbnail__link\" href=\"https:\/\/t-agency.fr\/fr\/clients\/chanteurs-dor\/\" tabindex=\"-1\" ><div class=\"elementor-post__thumbnail\"><img decoding=\"async\" width=\"580\" height=\"387\" src=\"https:\/\/t-agency.fr\/wp-content\/uploads\/2024\/10\/Agency-Client-\u2013-10-1024x683.jpg\" class=\"attachment-large size-large wp-image-4574\" alt=\"\" srcset=\"https:\/\/t-agency.fr\/wp-content\/uploads\/2024\/10\/Agency-Client-\u2013-10-1024x683.jpg 1024w, https:\/\/t-agency.fr\/wp-content\/uploads\/2024\/10\/Agency-Client-\u2013-10-300x200.jpg 300w, https:\/\/t-agency.fr\/wp-content\/uploads\/2024\/10\/Agency-Client-\u2013-10-768x512.jpg 768w, https:\/\/t-agency.fr\/wp-content\/uploads\/2024\/10\/Agency-Client-\u2013-10-1536x1024.jpg 1536w, https:\/\/t-agency.fr\/wp-content\/uploads\/2024\/10\/Agency-Client-\u2013-10-2048x1365.jpg 2048w, https:\/\/t-agency.fr\/wp-content\/uploads\/2024\/10\/Agency-Client-\u2013-10-1200x800.jpg 1200w, https:\/\/t-agency.fr\/wp-content\/uploads\/2024\/10\/Agency-Client-\u2013-10-1980x1320.jpg 1980w\" sizes=\"(max-width: 580px) 100vw, 580px\" \/><\/div><\/a>\n\t\t\t\t<div class=\"elementor-post__text\">\n\t\t\t\t<h3 class=\"elementor-post__title\">\n\t\t\t<a href=\"https:\/\/t-agency.fr\/fr\/clients\/chanteurs-dor\/\" >\n\t\t\t\tGoldsingers\t\t\t<\/a>\n\t\t<\/h3>\n\t\t\t\t<div class=\"elementor-post__excerpt\">\n\t\t\t<p>Les Goldsingers sont un spectacle cr\u00e9\u00e9 pour offrir \u00e0 des clients prestigieux une exp\u00e9rience unique de musique en direct.<\/p>\n\t\t<\/div>\n\t\t\t\t<\/div>\n\t\t\t\t\t<\/div>\n\t\t<\/article>\n\t\t\t\t<article class=\"elementor-post elementor-grid-item post-3856 clients type-clients status-publish has-post-thumbnail hentry category-content-marketing category-event industry-entertainment city-monaco\" role=\"listitem\">\n\t\t\t<div class=\"elementor-post__card\">\n\t\t\t\t<a class=\"elementor-post__thumbnail__link\" href=\"https:\/\/t-agency.fr\/fr\/clients\/forum-hydogene-de-monaco\/\" tabindex=\"-1\" ><div class=\"elementor-post__thumbnail\"><img decoding=\"async\" width=\"580\" height=\"387\" src=\"https:\/\/t-agency.fr\/wp-content\/uploads\/2024\/10\/Agency-Client-\u2013-25-1024x683.jpg\" class=\"attachment-large size-large wp-image-4602\" alt=\"\" srcset=\"https:\/\/t-agency.fr\/wp-content\/uploads\/2024\/10\/Agency-Client-\u2013-25-1024x683.jpg 1024w, https:\/\/t-agency.fr\/wp-content\/uploads\/2024\/10\/Agency-Client-\u2013-25-300x200.jpg 300w, https:\/\/t-agency.fr\/wp-content\/uploads\/2024\/10\/Agency-Client-\u2013-25-768x512.jpg 768w, https:\/\/t-agency.fr\/wp-content\/uploads\/2024\/10\/Agency-Client-\u2013-25-1536x1024.jpg 1536w, https:\/\/t-agency.fr\/wp-content\/uploads\/2024\/10\/Agency-Client-\u2013-25-2048x1365.jpg 2048w, https:\/\/t-agency.fr\/wp-content\/uploads\/2024\/10\/Agency-Client-\u2013-25-1200x800.jpg 1200w, https:\/\/t-agency.fr\/wp-content\/uploads\/2024\/10\/Agency-Client-\u2013-25-1980x1320.jpg 1980w\" sizes=\"(max-width: 580px) 100vw, 580px\" \/><\/div><\/a>\n\t\t\t\t<div class=\"elementor-post__text\">\n\t\t\t\t<h3 class=\"elementor-post__title\">\n\t\t\t<a href=\"https:\/\/t-agency.fr\/fr\/clients\/forum-hydogene-de-monaco\/\" >\n\t\t\t\tForum Hydog\u00e8ne de Monaco\t\t\t<\/a>\n\t\t<\/h3>\n\t\t\t\t<div class=\"elementor-post__excerpt\">\n\t\t\t<p>Cr\u00e9ation de contenu et marketing num\u00e9rique pour un \u00e9v\u00e9nement majeur \u00e0 Monte Carlo<\/p>\n\t\t<\/div>\n\t\t\t\t<\/div>\n\t\t\t\t\t<\/div>\n\t\t<\/article>\n\t\t\t\t<article class=\"elementor-post elementor-grid-item post-4198 clients type-clients status-publish has-post-thumbnail hentry category-event category-social-media industry-entertainment\" role=\"listitem\">\n\t\t\t<div class=\"elementor-post__card\">\n\t\t\t\t<a class=\"elementor-post__thumbnail__link\" href=\"https:\/\/t-agency.fr\/fr\/clients\/junk-kouture\/\" tabindex=\"-1\" ><div class=\"elementor-post__thumbnail\"><img loading=\"lazy\" decoding=\"async\" width=\"580\" height=\"387\" src=\"https:\/\/t-agency.fr\/wp-content\/uploads\/2024\/10\/Agency-Client-\u2013-13-1024x683.jpg\" class=\"attachment-large size-large wp-image-4578\" alt=\"\" srcset=\"https:\/\/t-agency.fr\/wp-content\/uploads\/2024\/10\/Agency-Client-\u2013-13-1024x683.jpg 1024w, https:\/\/t-agency.fr\/wp-content\/uploads\/2024\/10\/Agency-Client-\u2013-13-300x200.jpg 300w, https:\/\/t-agency.fr\/wp-content\/uploads\/2024\/10\/Agency-Client-\u2013-13-768x512.jpg 768w, https:\/\/t-agency.fr\/wp-content\/uploads\/2024\/10\/Agency-Client-\u2013-13-1536x1024.jpg 1536w, https:\/\/t-agency.fr\/wp-content\/uploads\/2024\/10\/Agency-Client-\u2013-13-2048x1365.jpg 2048w, https:\/\/t-agency.fr\/wp-content\/uploads\/2024\/10\/Agency-Client-\u2013-13-1200x800.jpg 1200w, https:\/\/t-agency.fr\/wp-content\/uploads\/2024\/10\/Agency-Client-\u2013-13-1980x1320.jpg 1980w\" sizes=\"(max-width: 580px) 100vw, 580px\" \/><\/div><\/a>\n\t\t\t\t<div class=\"elementor-post__text\">\n\t\t\t\t<h3 class=\"elementor-post__title\">\n\t\t\t<a href=\"https:\/\/t-agency.fr\/fr\/clients\/junk-kouture\/\" >\n\t\t\t\tJunk Kouture\t\t\t<\/a>\n\t\t<\/h3>\n\t\t\t\t<div class=\"elementor-post__excerpt\">\n\t\t\t<p>Couverture en direct de l&rsquo;\u00e9v\u00e9nement par les m\u00e9dias sociaux<\/p>\n\t\t<\/div>\n\t\t\t\t<\/div>\n\t\t\t\t\t<\/div>\n\t\t<\/article>\n\t\t\t\t<\/div>\n\t\t\n\t\t\t\t\t\t<\/div>\n\t\t\t\t<\/div>\n\t\t\t\t<div class=\"elementor-element elementor-element-5b6808b elementor-widget elementor-widget-spacer\" data-id=\"5b6808b\" data-element_type=\"widget\" data-e-type=\"widget\" data-widget_type=\"spacer.default\">\n\t\t\t\t<div class=\"elementor-widget-container\">\n\t\t\t\t\t\t\t<div class=\"elementor-spacer\">\n\t\t\t<div class=\"elementor-spacer-inner\"><\/div>\n\t\t<\/div>\n\t\t\t\t\t\t<\/div>\n\t\t\t\t<\/div>\n\t\t\t\t\t<\/div>\n\t\t<\/div>\n\t\t\t\t\t<\/div>\n\t\t<\/section>\n\t\t\t\t<\/div>\n\t\t","protected":false},"excerpt":{"rendered":"<p>Marketing des \u00e9v\u00e9nements de luxe L&rsquo;agence explore de nouvelles solutions pour commercialiser des \u00e9v\u00e9nements de luxe sur la C\u00f4te d&rsquo;Azur et dans le Sud de la France. Des solutions de pointe pour les sites web, le marketing des moteurs de recherche ainsi que la gestion des m\u00e9dias sociaux. Nos experts explorent actuellement de nouvelles solutions [&hellip;]<\/p>\n","protected":false},"author":2,"featured_media":3036,"parent":3607,"menu_order":0,"comment_status":"closed","ping_status":"closed","template":"elementor_header_footer","meta":{"_acf_changed":false,"footnotes":""},"class_list":["post-3596","page","type-page","status-publish","has-post-thumbnail","hentry"],"acf":[],"yoast_head":"<!-- This site is optimized with the Yoast SEO plugin v27.5 - https:\/\/yoast.com\/product\/yoast-seo-wordpress\/ -->\n<title>Luxury Event Marketing | Luxury Entertainment Marketing - The Agency.<\/title>\n<meta name=\"description\" content=\"L&#039;agence explore le monde de l&#039;\u00e9v\u00e9nementiel de luxe et de l&#039;entertainment marketing dans le sud de la France et dans le monde entier.\" \/>\n<meta name=\"robots\" content=\"index, follow, max-snippet:-1, max-image-preview:large, max-video-preview:-1\" \/>\n<link rel=\"canonical\" href=\"https:\/\/t-agency.fr\/fr\/industries\/evenements-de-luxe\/\" \/>\n<meta property=\"og:locale\" content=\"fr_FR\" \/>\n<meta property=\"og:type\" content=\"article\" \/>\n<meta property=\"og:title\" content=\"Luxury Event Marketing | Luxury Entertainment Marketing - The Agency.\" \/>\n<meta property=\"og:description\" content=\"L&#039;agence explore le monde de l&#039;\u00e9v\u00e9nementiel de luxe et de l&#039;entertainment marketing dans le sud de la France et dans le monde entier.\" \/>\n<meta property=\"og:url\" content=\"https:\/\/t-agency.fr\/fr\/industries\/evenements-de-luxe\/\" \/>\n<meta property=\"og:site_name\" content=\"The Agency\" \/>\n<meta property=\"article:modified_time\" content=\"2024-02-26T10:32:28+00:00\" \/>\n<meta property=\"og:image\" content=\"https:\/\/t-agency.fr\/wp-content\/uploads\/2021\/06\/Luxury-Events-1-scaled.jpg\" \/>\n\t<meta property=\"og:image:width\" content=\"2560\" \/>\n\t<meta property=\"og:image:height\" content=\"1714\" \/>\n\t<meta property=\"og:image:type\" content=\"image\/jpeg\" \/>\n<meta name=\"twitter:card\" content=\"summary_large_image\" \/>\n<script type=\"application\/ld+json\" class=\"yoast-schema-graph\">{\"@context\":\"https:\\\/\\\/schema.org\",\"@graph\":[{\"@type\":\"WebPage\",\"@id\":\"https:\\\/\\\/t-agency.fr\\\/fr\\\/industries\\\/evenements-de-luxe\\\/\",\"url\":\"https:\\\/\\\/t-agency.fr\\\/fr\\\/industries\\\/evenements-de-luxe\\\/\",\"name\":\"Luxury Event Marketing | Luxury Entertainment Marketing - The Agency.\",\"isPartOf\":{\"@id\":\"https:\\\/\\\/t-agency.fr\\\/fr\\\/#website\"},\"primaryImageOfPage\":{\"@id\":\"https:\\\/\\\/t-agency.fr\\\/fr\\\/industries\\\/evenements-de-luxe\\\/#primaryimage\"},\"image\":{\"@id\":\"https:\\\/\\\/t-agency.fr\\\/fr\\\/industries\\\/evenements-de-luxe\\\/#primaryimage\"},\"thumbnailUrl\":\"https:\\\/\\\/t-agency.fr\\\/wp-content\\\/uploads\\\/2021\\\/06\\\/Luxury-Events-1-scaled.jpg\",\"datePublished\":\"2021-06-04T15:24:53+00:00\",\"dateModified\":\"2024-02-26T10:32:28+00:00\",\"description\":\"L'agence explore le monde de l'\u00e9v\u00e9nementiel de luxe et de l'entertainment marketing dans le sud de la France et dans le monde entier.\",\"breadcrumb\":{\"@id\":\"https:\\\/\\\/t-agency.fr\\\/fr\\\/industries\\\/evenements-de-luxe\\\/#breadcrumb\"},\"inLanguage\":\"fr-FR\",\"potentialAction\":[{\"@type\":\"ReadAction\",\"target\":[\"https:\\\/\\\/t-agency.fr\\\/fr\\\/industries\\\/evenements-de-luxe\\\/\"]}]},{\"@type\":\"ImageObject\",\"inLanguage\":\"fr-FR\",\"@id\":\"https:\\\/\\\/t-agency.fr\\\/fr\\\/industries\\\/evenements-de-luxe\\\/#primaryimage\",\"url\":\"https:\\\/\\\/t-agency.fr\\\/wp-content\\\/uploads\\\/2021\\\/06\\\/Luxury-Events-1-scaled.jpg\",\"contentUrl\":\"https:\\\/\\\/t-agency.fr\\\/wp-content\\\/uploads\\\/2021\\\/06\\\/Luxury-Events-1-scaled.jpg\",\"width\":2560,\"height\":1714},{\"@type\":\"BreadcrumbList\",\"@id\":\"https:\\\/\\\/t-agency.fr\\\/fr\\\/industries\\\/evenements-de-luxe\\\/#breadcrumb\",\"itemListElement\":[{\"@type\":\"ListItem\",\"position\":1,\"name\":\"Home\",\"item\":\"https:\\\/\\\/t-agency.fr\\\/fr\\\/lagence\\\/\"},{\"@type\":\"ListItem\",\"position\":2,\"name\":\"Industries\",\"item\":\"https:\\\/\\\/t-agency.fr\\\/fr\\\/industries\\\/\"},{\"@type\":\"ListItem\",\"position\":3,\"name\":\"\u00c9v\u00e9nements de luxe\"}]},{\"@type\":\"WebSite\",\"@id\":\"https:\\\/\\\/t-agency.fr\\\/fr\\\/#website\",\"url\":\"https:\\\/\\\/t-agency.fr\\\/fr\\\/\",\"name\":\"The Agency\",\"description\":\"Yacht Marketing Agency\",\"publisher\":{\"@id\":\"https:\\\/\\\/t-agency.fr\\\/fr\\\/#organization\"},\"potentialAction\":[{\"@type\":\"SearchAction\",\"target\":{\"@type\":\"EntryPoint\",\"urlTemplate\":\"https:\\\/\\\/t-agency.fr\\\/fr\\\/?s={search_term_string}\"},\"query-input\":{\"@type\":\"PropertyValueSpecification\",\"valueRequired\":true,\"valueName\":\"search_term_string\"}}],\"inLanguage\":\"fr-FR\"},{\"@type\":\"Organization\",\"@id\":\"https:\\\/\\\/t-agency.fr\\\/fr\\\/#organization\",\"name\":\"The Agency\",\"url\":\"https:\\\/\\\/t-agency.fr\\\/fr\\\/\",\"logo\":{\"@type\":\"ImageObject\",\"inLanguage\":\"fr-FR\",\"@id\":\"https:\\\/\\\/t-agency.fr\\\/fr\\\/#\\\/schema\\\/logo\\\/image\\\/\",\"url\":\"https:\\\/\\\/t-agency.fr\\\/wp-content\\\/uploads\\\/2021\\\/07\\\/t_agency__full_logo.png\",\"contentUrl\":\"https:\\\/\\\/t-agency.fr\\\/wp-content\\\/uploads\\\/2021\\\/07\\\/t_agency__full_logo.png\",\"width\":2708,\"height\":1445,\"caption\":\"The Agency\"},\"image\":{\"@id\":\"https:\\\/\\\/t-agency.fr\\\/fr\\\/#\\\/schema\\\/logo\\\/image\\\/\"}}]}<\/script>\n<!-- \/ Yoast SEO plugin. -->","yoast_head_json":{"title":"Luxury Event Marketing | Luxury Entertainment Marketing - The Agency.","description":"L'agence explore le monde de l'\u00e9v\u00e9nementiel de luxe et de l'entertainment marketing dans le sud de la France et dans le monde entier.","robots":{"index":"index","follow":"follow","max-snippet":"max-snippet:-1","max-image-preview":"max-image-preview:large","max-video-preview":"max-video-preview:-1"},"canonical":"https:\/\/t-agency.fr\/fr\/industries\/evenements-de-luxe\/","og_locale":"fr_FR","og_type":"article","og_title":"Luxury Event Marketing | Luxury Entertainment Marketing - The Agency.","og_description":"L'agence explore le monde de l'\u00e9v\u00e9nementiel de luxe et de l'entertainment marketing dans le sud de la France et dans le monde entier.","og_url":"https:\/\/t-agency.fr\/fr\/industries\/evenements-de-luxe\/","og_site_name":"The Agency","article_modified_time":"2024-02-26T10:32:28+00:00","og_image":[{"width":2560,"height":1714,"url":"https:\/\/t-agency.fr\/wp-content\/uploads\/2021\/06\/Luxury-Events-1-scaled.jpg","type":"image\/jpeg"}],"twitter_card":"summary_large_image","schema":{"@context":"https:\/\/schema.org","@graph":[{"@type":"WebPage","@id":"https:\/\/t-agency.fr\/fr\/industries\/evenements-de-luxe\/","url":"https:\/\/t-agency.fr\/fr\/industries\/evenements-de-luxe\/","name":"Luxury Event Marketing | Luxury Entertainment Marketing - The Agency.","isPartOf":{"@id":"https:\/\/t-agency.fr\/fr\/#website"},"primaryImageOfPage":{"@id":"https:\/\/t-agency.fr\/fr\/industries\/evenements-de-luxe\/#primaryimage"},"image":{"@id":"https:\/\/t-agency.fr\/fr\/industries\/evenements-de-luxe\/#primaryimage"},"thumbnailUrl":"https:\/\/t-agency.fr\/wp-content\/uploads\/2021\/06\/Luxury-Events-1-scaled.jpg","datePublished":"2021-06-04T15:24:53+00:00","dateModified":"2024-02-26T10:32:28+00:00","description":"L'agence explore le monde de l'\u00e9v\u00e9nementiel de luxe et de l'entertainment marketing dans le sud de la France et dans le monde entier.","breadcrumb":{"@id":"https:\/\/t-agency.fr\/fr\/industries\/evenements-de-luxe\/#breadcrumb"},"inLanguage":"fr-FR","potentialAction":[{"@type":"ReadAction","target":["https:\/\/t-agency.fr\/fr\/industries\/evenements-de-luxe\/"]}]},{"@type":"ImageObject","inLanguage":"fr-FR","@id":"https:\/\/t-agency.fr\/fr\/industries\/evenements-de-luxe\/#primaryimage","url":"https:\/\/t-agency.fr\/wp-content\/uploads\/2021\/06\/Luxury-Events-1-scaled.jpg","contentUrl":"https:\/\/t-agency.fr\/wp-content\/uploads\/2021\/06\/Luxury-Events-1-scaled.jpg","width":2560,"height":1714},{"@type":"BreadcrumbList","@id":"https:\/\/t-agency.fr\/fr\/industries\/evenements-de-luxe\/#breadcrumb","itemListElement":[{"@type":"ListItem","position":1,"name":"Home","item":"https:\/\/t-agency.fr\/fr\/lagence\/"},{"@type":"ListItem","position":2,"name":"Industries","item":"https:\/\/t-agency.fr\/fr\/industries\/"},{"@type":"ListItem","position":3,"name":"\u00c9v\u00e9nements de luxe"}]},{"@type":"WebSite","@id":"https:\/\/t-agency.fr\/fr\/#website","url":"https:\/\/t-agency.fr\/fr\/","name":"The Agency","description":"Yacht Marketing Agency","publisher":{"@id":"https:\/\/t-agency.fr\/fr\/#organization"},"potentialAction":[{"@type":"SearchAction","target":{"@type":"EntryPoint","urlTemplate":"https:\/\/t-agency.fr\/fr\/?s={search_term_string}"},"query-input":{"@type":"PropertyValueSpecification","valueRequired":true,"valueName":"search_term_string"}}],"inLanguage":"fr-FR"},{"@type":"Organization","@id":"https:\/\/t-agency.fr\/fr\/#organization","name":"The Agency","url":"https:\/\/t-agency.fr\/fr\/","logo":{"@type":"ImageObject","inLanguage":"fr-FR","@id":"https:\/\/t-agency.fr\/fr\/#\/schema\/logo\/image\/","url":"https:\/\/t-agency.fr\/wp-content\/uploads\/2021\/07\/t_agency__full_logo.png","contentUrl":"https:\/\/t-agency.fr\/wp-content\/uploads\/2021\/07\/t_agency__full_logo.png","width":2708,"height":1445,"caption":"The Agency"},"image":{"@id":"https:\/\/t-agency.fr\/fr\/#\/schema\/logo\/image\/"}}]}},"_links":{"self":[{"href":"https:\/\/t-agency.fr\/fr\/wp-json\/wp\/v2\/pages\/3596","targetHints":{"allow":["GET"]}}],"collection":[{"href":"https:\/\/t-agency.fr\/fr\/wp-json\/wp\/v2\/pages"}],"about":[{"href":"https:\/\/t-agency.fr\/fr\/wp-json\/wp\/v2\/types\/page"}],"author":[{"embeddable":true,"href":"https:\/\/t-agency.fr\/fr\/wp-json\/wp\/v2\/users\/2"}],"replies":[{"embeddable":true,"href":"https:\/\/t-agency.fr\/fr\/wp-json\/wp\/v2\/comments?post=3596"}],"version-history":[{"count":1,"href":"https:\/\/t-agency.fr\/fr\/wp-json\/wp\/v2\/pages\/3596\/revisions"}],"predecessor-version":[{"id":3601,"href":"https:\/\/t-agency.fr\/fr\/wp-json\/wp\/v2\/pages\/3596\/revisions\/3601"}],"up":[{"embeddable":true,"href":"https:\/\/t-agency.fr\/fr\/wp-json\/wp\/v2\/pages\/3607"}],"wp:featuredmedia":[{"embeddable":true,"href":"https:\/\/t-agency.fr\/fr\/wp-json\/wp\/v2\/media\/3036"}],"wp:attachment":[{"href":"https:\/\/t-agency.fr\/fr\/wp-json\/wp\/v2\/media?parent=3596"}],"curies":[{"name":"wp","href":"https:\/\/api.w.org\/{rel}","templated":true}]}}